{"id":406,"date":"2023-04-21T14:02:01","date_gmt":"2023-04-21T17:02:01","guid":{"rendered":"http:\/\/semfronteirasbar.comercial.ws\/?page_id=406"},"modified":"2026-03-20T21:00:35","modified_gmt":"2026-03-21T00:00:35","slug":"o-cardapio","status":"publish","type":"page","link":"https:\/\/semfronteirasbar.com.br\/?page_id=406","title":{"rendered":"Botequices Sem Fronteiras"},"content":{"rendered":"\n<p>O maior desafio n\u00e3o \u00e9 fritar a batata no ponto certo ou tirar o hamb\u00farguer da chapa na hora exata.<br>O desafio \u00e9 cozinhar sem muros, sem passaporte, sem pedir visto pra nenhum sabor.<br>No \u201cSem Fronteiras\u201d a cozinha \u00e9 fus\u00e3o \u2014 mistura o que der na telha, cruza ruas e oceanos, combina temperos e hist\u00f3rias que nasceram na \u00c1frica, Am\u00e9rica, Europa, \u00c1sia e Oceania, mas sempre passam pelo quintal brasileiro antes de chegar ao prato.<\/p>\n\n\n\n<p>A gente n\u00e3o copia receita.<br>A gente sequestra, seduz, mexe, troca ingrediente, muda a ordem das coisas.<br>Respeita o esp\u00edrito do prato, mas n\u00e3o se ajoelha pro \u201csempre foi assim\u201d.<\/p>\n\n\n\n<p>O boteco continua sendo boteco: por\u00e7\u00e3o que chega r\u00e1pido, hamb\u00farguer suculento, fritura que conversa bem com o copo.<br>Mas aqui eles v\u00eam com sotaque, com um detalhe inesperado, com aquela mudan\u00e7a pequena que muda tudo.<\/p>\n\n\n\n<p>E como a vida, a cozinha aqui n\u00e3o para.<br>Tem varia\u00e7\u00e3o, inven\u00e7\u00e3o, loucura testada e aprovada.<br>Hoje \u00e9 assim, amanh\u00e3 \u00e9 outro sabor.<\/p>\n\n\n\n<p>Porque viver \u00e9 experimentar.<br>E a gente convida voc\u00ea a morder essa filosofia.<\/p>\n\n\n\n<div class=\"wp-block-buttons is-content-justification-center is-layout-flex wp-container-core-buttons-is-layout-16018d1d wp-block-buttons-is-layout-flex\">\n<div class=\"wp-block-button\"><a class=\"wp-block-button__link has-text-align-center wp-element-button\">Conhe\u00e7a o card\u00e1pio do Sem Fronteiras<\/a><\/div>\n<\/div>\n\n\n\n<div style=\"height:49px\" aria-hidden=\"true\" class=\"wp-block-spacer\"><\/div>\n\n\n\n<style id=\"wp_carousel_dynamic_css769\">.sp-wp-carousel-free-id-769.wpcf-fancybox-wrapper .fancybox-bg{background: #0b0b0b;opacity: 0.8;}.sp-wp-carousel-free-id-769.wpcf-fancybox-wrapper .fancybox-navigation .fancybox-button .wpcp-fancybox-nav-arrow i {color: #ccc;}.sp-wp-carousel-free-id-769.wpcf-fancybox-wrapper .fancybox-navigation .fancybox-button .wpcp-fancybox-nav-arrow i:hover {color: #fff;}.sp-wp-carousel-free-id-769.wpcf-fancybox-wrapper .fancybox-navigation .fancybox-button {background: #1e1e1e;}.sp-wp-carousel-free-id-769.wpcf-fancybox-wrapper .fancybox-navigation .fancybox-button:hover {background: #1e1e1e;}#sp-wp-carousel-free-id-769 .wpcp-swiper-dots {margin: 40px 0px 0px 0px;}.wpcp-wrapper-769 .swiper-wrapper .swiper-slide-kenburn, .wpcp-wrapper-769 .swiper-wrapper, .wpcp-wrapper-769 .wpcpro-row{align-items: center;}#sp-wp-carousel-free-id-769 .wpcp-single-item {box-shadow: 0px 0px 0px 0px #dddddd;transition: all .3s;margin: 0px;}#sp-wp-carousel-free-id-769.swiper-flip .wpcp-single-item{margin: 0!important;}#sp-wp-carousel-free-id-769 .wpcp-single-item:hover {box-shadow: 0px 0px 0px 0px #dddddd;}#sp-wp-carousel-free-id-769.sp-wpcp-769 .wpcp-single-item {border: 1px solid #dddddd;}#sp-wp-carousel-free-id-769.sp-wpcp-769 .swiper-button-prev,#sp-wp-carousel-free-id-769.sp-wpcp-769 .swiper-button-next,#sp-wp-carousel-free-id-769.sp-wpcp-769 .swiper-button-prev:hover,#sp-wp-carousel-free-id-769.sp-wpcp-769 .swiper-button-next:hover {background: none;border: none;font-size: 30px;}#sp-wp-carousel-free-id-769.sp-wpcp-769 .swiper-button-prev i,#sp-wp-carousel-free-id-769.sp-wpcp-769 .swiper-button-next i {color: #aaa;}#sp-wp-carousel-free-id-769.sp-wpcp-769 .swiper-button-prev i:hover,#sp-wp-carousel-free-id-769.sp-wpcp-769 .swiper-button-next i:hover {color: #178087;}#sp-wp-carousel-free-id-769.sp-wpcp-769 .wpcp-swiper-dots .swiper-pagination-bullet {background-color: #cccccc;}#sp-wp-carousel-free-id-769.sp-wpcp-769 .wpcp-swiper-dots .swiper-pagination-bullet.swiper-pagination-bullet-active {background-color: #178087;} #sp-wp-carousel-free-id-769.sp-wpcp-769.wpcp-image-carousel .wpcp-single-item:hover img, #sp-wp-carousel-free-id-769.sp-wpcp-769.wpcp-post-carousel .wpcp-single-item:hover img, #sp-wp-carousel-free-id-769.sp-wpcp-769.wpcp-product-carousel .wpcp-single-item:hover img{-webkit-transform: scale(1.2);-moz-transform: scale(1.2);transform: scale(1.2);}@media screen and (max-width: 479px) {#sp-wp-carousel-free-id-769.nav-vertical-center {padding: 0;margin:0;}#sp-wp-carousel-free-id-769.nav-vertical-center .wpcp-next-button,#sp-wp-carousel-free-id-769.nav-vertical-center .wpcp-prev-button {display: none;}}#sp-wp-carousel-free-id-769 .wpcpro-row>[class*=\"wpcpro-col-\"] { padding: 0 10px; padding-bottom: 20px;} #sp-wp-carousel-free-id-769 .swiper-slide .single-item-fade:not(:last-child) { margin-right: 20px;}@media (min-width: 480px) { .wpcpro-row .wpcpro-col-sm-1 { flex: 0 0 100%; max-width: 100%; } .wpcpro-row .wpcpro-col-sm-2 { flex: 0 0 50%; max-width: 50%; } .wpcpro-row .wpcpro-col-sm-2-5 { flex: 0 0 75%; max-width: 75%; } .wpcpro-row .wpcpro-col-sm-3 { flex: 0 0 33.333%; max-width: 33.333%; } .wpcpro-row .wpcpro-col-sm-4 { flex: 0 0 25%; max-width: 25%; } .wpcpro-row .wpcpro-col-sm-5 { flex: 0 0 20%; max-width: 20%; } .wpcpro-row .wpcpro-col-sm-6 { flex: 0 0 16.66666666666667%; max-width: 16.66666666666667%; } .wpcpro-row .wpcpro-col-sm-7 { flex: 0 0 14.28571428%; max-width: 14.28571428%; } .wpcpro-row .wpcpro-col-sm-8 { flex: 0 0 12.5%; max-width: 12.5%; } } @media (max-width: 480px) { .wpcpro-row .wpcpro-col-xs-1 { flex: 0 0 100%; max-width: 100%; } .wpcpro-row .wpcpro-col-xs-2 { flex: 0 0 50%; max-width: 50%; } .wpcpro-row .wpcpro-col-xs-3 { flex: 0 0 33.222%; max-width: 33.222%; } .wpcpro-row .wpcpro-col-xs-4 { flex: 0 0 25%; max-width: 25%; } .wpcpro-row .wpcpro-col-xs-5 { flex: 0 0 20%; max-width: 20%; } .wpcpro-row .wpcpro-col-xs-6 { flex: 0 0 16.6667%; max-width: 16.6667%; } .wpcpro-row .wpcpro-col-xs-7 { flex: 0 0 14.28571428%; max-width: 14.28571428%; } .wpcpro-row .wpcpro-col-xs-8 { flex: 0 0 12.5%; max-width: 12.5%; } } @media (min-width: 736px) { .wpcpro-row .wpcpro-col-md-1 { flex: 0 0 100%; max-width: 100%; } .wpcpro-row .wpcpro-col-md-2 { flex: 0 0 50%; max-width: 50%; } .wpcpro-row .wpcpro-col-md-2-5 { flex: 0 0 75%; max-width: 75%; } .wpcpro-row .wpcpro-col-md-3 { flex: 0 0 33.333%; max-width: 33.333%; } .wpcpro-row .wpcpro-col-md-4 { flex: 0 0 25%; max-width: 25%; } .wpcpro-row .wpcpro-col-md-5 { flex: 0 0 20%; max-width: 20%; } .wpcpro-row .wpcpro-col-md-6 { flex: 0 0 16.66666666666667%; max-width: 16.66666666666667%; } .wpcpro-row .wpcpro-col-md-7 { flex: 0 0 14.28571428%; max-width: 14.28571428%; } .wpcpro-row .wpcpro-col-md-8 { flex: 0 0 12.5%; max-width: 12.5%; } } @media (min-width: 980px) { .wpcpro-row .wpcpro-col-lg-1 { flex: 0 0 100%; max-width: 100%; } .wpcpro-row .wpcpro-col-lg-2 { flex: 0 0 50%; max-width: 50%; } .wpcpro-row .wpcpro-col-lg-3 { flex: 0 0 33.222%; max-width: 33.222%; } .wpcpro-row .wpcpro-col-lg-4 { flex: 0 0 25%; max-width: 25%; } .wpcpro-row .wpcpro-col-lg-5 { flex: 0 0 20%; max-width: 20%; } .wpcpro-row .wpcpro-col-lg-6 { flex: 0 0 16.6667%; max-width: 16.6667%; } .wpcpro-row .wpcpro-col-lg-7 { flex: 0 0 14.28571428%; max-width: 14.28571428%; } .wpcpro-row .wpcpro-col-lg-8 { flex: 0 0 12.5%; max-width: 12.5%; } } @media (min-width: 1200px) { .wpcpro-row .wpcpro-col-xl-1 { flex: 0 0 100%; max-width: 100%; } .wpcpro-row .wpcpro-col-xl-2 { flex: 0 0 50%; max-width: 50%; } .wpcpro-row .wpcpro-col-xl-3 { flex: 0 0 33.22222222%; max-width: 33.22222222%; } .wpcpro-row .wpcpro-col-xl-4 { flex: 0 0 25%; max-width: 25%; } .wpcpro-row .wpcpro-col-xl-5 { flex: 0 0 20%; max-width: 20%; } .wpcpro-row .wpcpro-col-xl-6 { flex: 0 0 16.66667%; max-width: 16.66667%; } .wpcpro-row .wpcpro-col-xl-7 { flex: 0 0 14.28571428%; max-width: 14.28571428%; } .wpcpro-row .wpcpro-col-xl-8 { flex: 0 0 12.5%; max-width: 12.5%; } }<\/style><div class=\"wpcp-carousel-wrapper wpcp-wrapper-769\">\n\t<div id=\"wpcp-preloader-769\" class=\"wpcp-carousel-preloader\"><img decoding=\"async\" src=\"https:\/\/semfronteirasbar.com.br\/wp-content\/plugins\/wp-carousel-free\/public\/css\/spinner.svg\" alt=\"Preloader Image\" \/><\/div>\t<div class=\"wpcp-carousel-content-wrapper\">\n\t<div id=\"sp-wp-carousel-free-id-769\" class=\"wpcp-carousel-section sp-wpcp-769  nav-vertical-center wpcp-image-carousel wpcp-preloader wpcp-standard\" data-swiper='{ &quot;pagination_type&quot;: &quot;dots&quot;,&quot;accessibility&quot;:true, &quot;spaceBetween&quot;:20, &quot;arrows&quot;:true, &quot;freeMode&quot;: false, &quot;autoplay&quot;:true, &quot;effect&quot;: &quot;&quot;, &quot;centerMode&quot;: false, &quot;autoplaySpeed&quot;:3000, &quot;dots&quot;:true, &quot;infinite&quot;:true, &quot;speed&quot;:600, &quot;pauseOnHover&quot;:true,\n\t\t\t&quot;slidesToShow&quot;:{&quot;lg_desktop&quot;:5, &quot;desktop&quot;: 4, &quot;laptop&quot;: 3, &quot;tablet&quot;: 2, &quot;mobile&quot;: 1}, &quot;responsive&quot;:{&quot;desktop&quot;:1200, &quot;laptop&quot;: 980, &quot;tablet&quot;: 736, &quot;mobile&quot;: 480}, &quot;rtl&quot;:false, &quot;lazyLoad&quot;: &quot;false&quot;, &quot;swipe&quot;: true, &quot;draggable&quot;: true, &quot;swipeToSlide&quot;:false }' dir=\"ltr\">\n\t\t<div class=\"swiper-wrapper\">\n\t\t<div class=\"swiper-slide\">\n\t<div class=\"wpcp-single-item\">\n\t\t\t<div class=\"wpcp-slide-image\">\n\t\t<img loading=\"lazy\" decoding=\"async\" class=\"skip-lazy\" src=\"https:\/\/semfronteirasbar.com.br\/wp-content\/uploads\/2023\/04\/DIONISO_20230421_180530_0032-1.png\" alt=\"DIONISO_20230421_180530_0032-1\" width=\"1080\" height=\"1350\">\t<\/div>\n\t\t<\/div>\n<\/div>\n\t<div class=\"swiper-slide\">\n\t<div class=\"wpcp-single-item\">\n\t\t\t<div class=\"wpcp-slide-image\">\n\t\t<img loading=\"lazy\" decoding=\"async\" class=\"skip-lazy\" src=\"https:\/\/semfronteirasbar.com.br\/wp-content\/uploads\/2023\/04\/TROGLODITA_20230421_180530_0030.png\" alt=\"TROGLODITA_20230421_180530_0030\" width=\"1080\" height=\"1350\">\t<\/div>\n\t\t<\/div>\n<\/div>\n\t<div class=\"swiper-slide\">\n\t<div class=\"wpcp-single-item\">\n\t\t\t<div class=\"wpcp-slide-image\">\n\t\t<img loading=\"lazy\" decoding=\"async\" class=\"skip-lazy\" src=\"https:\/\/semfronteirasbar.com.br\/wp-content\/uploads\/2023\/04\/TANATOS_20230421_180531_0031.png\" alt=\"TANATOS_20230421_180531_0031\" width=\"1080\" height=\"1350\">\t<\/div>\n\t\t<\/div>\n<\/div>\n\t<div class=\"swiper-slide\">\n\t<div class=\"wpcp-single-item\">\n\t\t\t<div class=\"wpcp-slide-image\">\n\t\t<img loading=\"lazy\" decoding=\"async\" class=\"skip-lazy\" src=\"https:\/\/semfronteirasbar.com.br\/wp-content\/uploads\/2023\/04\/PROVOLONE-A-MILANESA-2_20230421_180531_0046.png\" alt=\"PROVOLONE-A-MILANESA-2_20230421_180531_0046\" width=\"1080\" height=\"1350\">\t<\/div>\n\t\t<\/div>\n<\/div>\n\t<div class=\"swiper-slide\">\n\t<div class=\"wpcp-single-item\">\n\t\t\t<div class=\"wpcp-slide-image\">\n\t\t<img loading=\"lazy\" decoding=\"async\" class=\"skip-lazy\" src=\"https:\/\/semfronteirasbar.com.br\/wp-content\/uploads\/2023\/04\/DIONISO_20230421_180530_0032.png\" alt=\"DIONISO_20230421_180530_0032\" width=\"1080\" height=\"1350\">\t<\/div>\n\t\t<\/div>\n<\/div>\n\t<div class=\"swiper-slide\">\n\t<div class=\"wpcp-single-item\">\n\t\t\t<div class=\"wpcp-slide-image\">\n\t\t<img loading=\"lazy\" decoding=\"async\" class=\"skip-lazy\" src=\"https:\/\/semfronteirasbar.com.br\/wp-content\/uploads\/2023\/04\/PROVOLONE-A-MILANESA_20230421_180531_0045.png\" alt=\"PROVOLONE-A-MILANESA_20230421_180531_0045\" width=\"1080\" height=\"1350\">\t<\/div>\n\t\t<\/div>\n<\/div>\n\t<div class=\"swiper-slide\">\n\t<div class=\"wpcp-single-item\">\n\t\t\t<div class=\"wpcp-slide-image\">\n\t\t<img loading=\"lazy\" decoding=\"async\" class=\"skip-lazy\" src=\"https:\/\/semfronteirasbar.com.br\/wp-content\/uploads\/2023\/04\/KIBE_20230421_180530_0011.png\" alt=\"KIBE_20230421_180530_0011\" width=\"1080\" height=\"1350\">\t<\/div>\n\t\t<\/div>\n<\/div>\n\t<div class=\"swiper-slide\">\n\t<div class=\"wpcp-single-item\">\n\t\t\t<div class=\"wpcp-slide-image\">\n\t\t<img loading=\"lazy\" decoding=\"async\" class=\"skip-lazy\" src=\"https:\/\/semfronteirasbar.com.br\/wp-content\/uploads\/2023\/04\/CERES-2_20230421_180530_0001.png\" alt=\"CERES-2_20230421_180530_0001\" width=\"1080\" height=\"1350\">\t<\/div>\n\t\t<\/div>\n<\/div>\n\t<div class=\"swiper-slide\">\n\t<div class=\"wpcp-single-item\">\n\t\t\t<div class=\"wpcp-slide-image\">\n\t\t<img loading=\"lazy\" decoding=\"async\" class=\"skip-lazy\" src=\"https:\/\/semfronteirasbar.com.br\/wp-content\/uploads\/2023\/04\/ZEUS_20230421_180530_0006.png\" alt=\"ZEUS_20230421_180530_0006\" width=\"1080\" height=\"1350\">\t<\/div>\n\t\t<\/div>\n<\/div>\n\t<div class=\"swiper-slide\">\n\t<div class=\"wpcp-single-item\">\n\t\t\t<div class=\"wpcp-slide-image\">\n\t\t<img loading=\"lazy\" decoding=\"async\" class=\"skip-lazy\" src=\"https:\/\/semfronteirasbar.com.br\/wp-content\/uploads\/2023\/04\/COXINHA-DE-JOELHO-DE-PORCO_20230421_180530_0008.png\" alt=\"COXINHA-DE-JOELHO-DE-PORCO_20230421_180530_0008\" width=\"1080\" height=\"1350\">\t<\/div>\n\t\t<\/div>\n<\/div>\n\t<div class=\"swiper-slide\">\n\t<div class=\"wpcp-single-item\">\n\t\t\t<div class=\"wpcp-slide-image\">\n\t\t<img loading=\"lazy\" decoding=\"async\" class=\"skip-lazy\" src=\"https:\/\/semfronteirasbar.com.br\/wp-content\/uploads\/2023\/04\/AL-PRETO_20230421_180530_0016.png\" alt=\"AL-PRETO_20230421_180530_0016\" width=\"1080\" height=\"1350\">\t<\/div>\n\t\t<\/div>\n<\/div>\n\t<div class=\"swiper-slide\">\n\t<div class=\"wpcp-single-item\">\n\t\t\t<div class=\"wpcp-slide-image\">\n\t\t<img loading=\"lazy\" decoding=\"async\" class=\"skip-lazy\" src=\"https:\/\/semfronteirasbar.com.br\/wp-content\/uploads\/2023\/04\/FRITAS-COM-CHEDDAR-E-BACON_20230421_180531_0034.png\" alt=\"FRITAS-COM-CHEDDAR-E-BACON_20230421_180531_0034\" width=\"1080\" height=\"1350\">\t<\/div>\n\t\t<\/div>\n<\/div>\n\t<div class=\"swiper-slide\">\n\t<div class=\"wpcp-single-item\">\n\t\t\t<div class=\"wpcp-slide-image\">\n\t\t<img loading=\"lazy\" decoding=\"async\" class=\"skip-lazy\" src=\"https:\/\/semfronteirasbar.com.br\/wp-content\/uploads\/2023\/04\/URANO_20230421_180530_0026.png\" alt=\"URANO_20230421_180530_0026\" width=\"1080\" height=\"1350\">\t<\/div>\n\t\t<\/div>\n<\/div>\n\t<div class=\"swiper-slide\">\n\t<div class=\"wpcp-single-item\">\n\t\t\t<div class=\"wpcp-slide-image\">\n\t\t<img loading=\"lazy\" decoding=\"async\" class=\"skip-lazy\" src=\"https:\/\/semfronteirasbar.com.br\/wp-content\/uploads\/2023\/04\/BOLINHO-DE-GRAO-DE-BICO_20230421_180530_0020.png\" alt=\"BOLINHO-DE-GRAO-DE-BICO_20230421_180530_0020\" width=\"1080\" height=\"1350\">\t<\/div>\n\t\t<\/div>\n<\/div>\n\t\t\t<\/div>\n\t\t\t\t\t<div class=\"wpcp-swiper-dots swiper-pagination\"><\/div>\n\t\t\t\t<!-- If we need navigation buttons -->\n\t\t\t\t\t<div class=\"wpcp-prev-button swiper-button-prev\"><i class=\"fa fa-angle-left\"><\/i><\/div>\n\t\t\t<div class=\"wpcp-next-button swiper-button-next\"><i class=\"fa fa-angle-right\"><\/i><\/div>\n\t\t\t<\/div>\n\t<\/div>\n<\/div>\n\n\n\n\n<div style=\"height:37px\" aria-hidden=\"true\" class=\"wp-block-spacer\"><\/div>\n","protected":false},"excerpt":{"rendered":"<p>O maior desafio n\u00e3o \u00e9 fritar a batata no ponto certo ou tirar o hamb\u00farguer da chapa na hora exata.O desafio \u00e9 cozinhar sem muros, sem passaporte, sem pedir visto pra nenhum sabor.No \u201cSem Fronteiras\u201d a cozinha \u00e9 fus\u00e3o \u2014 mistura o que der na telha, cruza ruas e oceanos, combina temperos e hist\u00f3rias que&hellip;&nbsp;<a href=\"https:\/\/semfronteirasbar.com.br\/?page_id=406\" rel=\"bookmark\">Continue a ler &raquo;<span class=\"screen-reader-text\">Botequices Sem Fronteiras<\/span><\/a><\/p>\n","protected":false},"author":1,"featured_media":442,"parent":0,"menu_order":0,"comment_status":"closed","ping_status":"closed","template":"","meta":{"neve_meta_sidebar":"","neve_meta_container":"","neve_meta_enable_content_width":"","neve_meta_content_width":0,"neve_meta_title_alignment":"","neve_meta_author_avatar":"","neve_post_elements_order":"","neve_meta_disable_header":"","neve_meta_disable_footer":"","neve_meta_disable_title":"","_mbp_gutenberg_autopost":false,"footnotes":""},"class_list":["post-406","page","type-page","status-publish","has-post-thumbnail","hentry"],"_links":{"self":[{"href":"https:\/\/semfronteirasbar.com.br\/index.php?rest_route=\/wp\/v2\/pages\/406","targetHints":{"allow":["GET"]}}],"collection":[{"href":"https:\/\/semfronteirasbar.com.br\/index.php?rest_route=\/wp\/v2\/pages"}],"about":[{"href":"https:\/\/semfronteirasbar.com.br\/index.php?rest_route=\/wp\/v2\/types\/page"}],"author":[{"embeddable":true,"href":"https:\/\/semfronteirasbar.com.br\/index.php?rest_route=\/wp\/v2\/users\/1"}],"replies":[{"embeddable":true,"href":"https:\/\/semfronteirasbar.com.br\/index.php?rest_route=%2Fwp%2Fv2%2Fcomments&post=406"}],"version-history":[{"count":17,"href":"https:\/\/semfronteirasbar.com.br\/index.php?rest_route=\/wp\/v2\/pages\/406\/revisions"}],"predecessor-version":[{"id":3440,"href":"https:\/\/semfronteirasbar.com.br\/index.php?rest_route=\/wp\/v2\/pages\/406\/revisions\/3440"}],"wp:featuredmedia":[{"embeddable":true,"href":"https:\/\/semfronteirasbar.com.br\/index.php?rest_route=\/wp\/v2\/media\/442"}],"wp:attachment":[{"href":"https:\/\/semfronteirasbar.com.br\/index.php?rest_route=%2Fwp%2Fv2%2Fmedia&parent=406"}],"curies":[{"name":"wp","href":"https:\/\/api.w.org\/{rel}","templated":true}]}}