{"id":408,"date":"2023-04-21T14:02:30","date_gmt":"2023-04-21T17:02:30","guid":{"rendered":"http:\/\/semfronteirasbar.comercial.ws\/?page_id=408"},"modified":"2026-01-01T17:43:33","modified_gmt":"2026-01-01T20:43:33","slug":"reservas","status":"publish","type":"page","link":"https:\/\/semfronteirasbar.com.br\/?page_id=408","title":{"rendered":"Reservas"},"content":{"rendered":"\n<div class=\"wp-block-columns is-layout-flex wp-container-core-columns-is-layout-9d6595d7 wp-block-columns-is-layout-flex\">\n<div class=\"wp-block-column is-layout-flow wp-block-column-is-layout-flow\">\n<p>O Sem Fronteiras nunca foi s\u00f3 um bar.<br>\u00c9 sala esticada at\u00e9 a rua, quintal que chama, encruzilhada onde a noite senta e fica.<\/p>\n\n\n\n<p>As reservas s\u00e3o feitas pelo <strong><a href=\"https:\/\/macumbox.app.br\/\" data-type=\"link\" data-id=\"https:\/\/macumbox.app.br\/\">Macumbox<\/a><\/strong>.<br>Basta um cadastro r\u00e1pido, escolher data, hor\u00e1rio e \u00e1rea \u2014 se tiver vaga, a mesa \u00e9 sua.<\/p>\n\n\n\n<p>Precisou mudar?<br>\u00c9 s\u00f3 voltar no Macumbox e ajustar.<\/p>\n\n\n\n<p>Precisou cancelar?<br>Do mesmo jeito. Simples.<\/p>\n\n\n\n<p>Reservar n\u00e3o custa nada.<br>Avisar tamb\u00e9m n\u00e3o.<\/p>\n\n\n\n<p>Para o mesmo dia, aceitamos reservas at\u00e9 \u00e0s <strong>16h<\/strong>.<br>H\u00e1 <strong>15 minutos de toler\u00e2ncia<\/strong>. Passou disso, a mesa segue o fluxo natural da casa \u2014 porque a noite n\u00e3o gosta de ficar parada.<\/p>\n\n\n\n<p>Em dias de evento, n\u00e3o trabalhamos com reserva.<br>A casa vira tempestade, e tempestade n\u00e3o aceita r\u00e9dea.<\/p>\n\n\n\n<p>Sempre deixamos parte do espa\u00e7o sem reserva.<br>Porque tem gente que decide vir no \u00faltimo gole \u2014 e aqui, essa urg\u00eancia tamb\u00e9m tem lugar.<\/p>\n\n\n\n<p>Vem.<br>A vida passa r\u00e1pido demais pra deixar o brinde pra depois.<\/p>\n<\/div>\n<\/div>\n","protected":false},"excerpt":{"rendered":"<p>O Sem Fronteiras nunca foi s\u00f3 um bar.\u00c9 sala esticada at\u00e9 a rua, quintal que chama, encruzilhada onde a noite senta e fica. As reservas s\u00e3o feitas pelo Macumbox.Basta um cadastro r\u00e1pido, escolher data, hor\u00e1rio e \u00e1rea \u2014 se tiver vaga, a mesa \u00e9 sua. Precisou mudar?\u00c9 s\u00f3 voltar no Macumbox e ajustar. Precisou cancelar?Do&hellip;&nbsp;<a href=\"https:\/\/semfronteirasbar.com.br\/?page_id=408\" rel=\"bookmark\">Continue a ler &raquo;<span class=\"screen-reader-text\">Reservas<\/span><\/a><\/p>\n","protected":false},"author":1,"featured_media":431,"parent":0,"menu_order":0,"comment_status":"closed","ping_status":"closed","template":"","meta":{"neve_meta_sidebar":"","neve_meta_container":"contained","neve_meta_enable_content_width":"","neve_meta_content_width":0,"neve_meta_title_alignment":"left","neve_meta_author_avatar":"","neve_post_elements_order":"","neve_meta_disable_header":"off","neve_meta_disable_footer":"","neve_meta_disable_title":"off","_mbp_gutenberg_autopost":false,"footnotes":""},"class_list":["post-408","page","type-page","status-publish","has-post-thumbnail","hentry"],"_links":{"self":[{"href":"https:\/\/semfronteirasbar.com.br\/index.php?rest_route=\/wp\/v2\/pages\/408","targetHints":{"allow":["GET"]}}],"collection":[{"href":"https:\/\/semfronteirasbar.com.br\/index.php?rest_route=\/wp\/v2\/pages"}],"about":[{"href":"https:\/\/semfronteirasbar.com.br\/index.php?rest_route=\/wp\/v2\/types\/page"}],"author":[{"embeddable":true,"href":"https:\/\/semfronteirasbar.com.br\/index.php?rest_route=\/wp\/v2\/users\/1"}],"replies":[{"embeddable":true,"href":"https:\/\/semfronteirasbar.com.br\/index.php?rest_route=%2Fwp%2Fv2%2Fcomments&post=408"}],"version-history":[{"count":21,"href":"https:\/\/semfronteirasbar.com.br\/index.php?rest_route=\/wp\/v2\/pages\/408\/revisions"}],"predecessor-version":[{"id":3122,"href":"https:\/\/semfronteirasbar.com.br\/index.php?rest_route=\/wp\/v2\/pages\/408\/revisions\/3122"}],"wp:featuredmedia":[{"embeddable":true,"href":"https:\/\/semfronteirasbar.com.br\/index.php?rest_route=\/wp\/v2\/media\/431"}],"wp:attachment":[{"href":"https:\/\/semfronteirasbar.com.br\/index.php?rest_route=%2Fwp%2Fv2%2Fmedia&parent=408"}],"curies":[{"name":"wp","href":"https:\/\/api.w.org\/{rel}","templated":true}]}}