{"id":491,"date":"2023-04-21T16:44:45","date_gmt":"2023-04-21T19:44:45","guid":{"rendered":"http:\/\/semfronteirasbar.comercial.ws\/?page_id=491"},"modified":"2025-08-10T19:55:30","modified_gmt":"2025-08-10T22:55:30","slug":"eventos","status":"publish","type":"page","link":"https:\/\/semfronteirasbar.com.br\/?page_id=491","title":{"rendered":"A VIDA ACONTECE NO PRESENTE"},"content":{"rendered":"\n<p>O Sem Fronteiras \u00e9 mais que um bar: \u00e9 ponto de encontro, palco improvisado, encruzilhada onde a m\u00fasica, o copo e a conversa se encontram.<br>Todos os dias, nossas caixas despejam som. N\u00e3o \u00e9 qualquer som \u2014 \u00e9 o que voc\u00ea escolhe.<br>Com o Macumbox, nosso webapp exclusivo, voc\u00ea vira DJ da noite: procura no celular, seleciona e manda pro ar. Simples, direto e no volume certo pra sacudir a alma.<\/p>\n\n\n\n<p>Mas isso \u00e9 s\u00f3 o come\u00e7o.<\/p>\n\n\n\n<p>Quarta-feira \u00e9 dia de esporte. Futebol, boxe, rugby \u2014 suor na tela e cerveja no copo. \u00c9 pra assistir junto, vibrar junto, xingar junto.<\/p>\n\n\n\n<p>Quinta-feira \u00e9 quando o microfone esquenta e o Karaok\u00ea nas Encruzas toma conta. Mas esque\u00e7a aquelas vers\u00f5es de karaok\u00ea de celular: aqui voc\u00ea canta com banda ao vivo. O primeiro e \u00fanico karaok\u00ea com banda de Ribeir\u00e3o. \u00c9 pra errar no tom com estilo.<\/p>\n\n\n\n<p>Sexta, s\u00e1bado e feriado o bicho pega: \u00e9 Rock nas Encruzas. Bandas ao vivo, som no estilo Preservation Hall, rock e estilos c\u00famplices rolando pra voc\u00ea sentir no peito. A rua respira junto.<\/p>\n\n\n\n<p>No Sem Fronteiras, cada dia \u00e9 uma hist\u00f3ria nova \u2014 e a trilha sonora \u00e9 feita por quem t\u00e1 aqui.<\/p>\n","protected":false},"excerpt":{"rendered":"<p>O Sem Fronteiras \u00e9 mais que um bar: \u00e9 ponto de encontro, palco improvisado, encruzilhada onde a m\u00fasica, o copo e a conversa se encontram.Todos os dias, nossas caixas despejam som. N\u00e3o \u00e9 qualquer som \u2014 \u00e9 o que voc\u00ea escolhe.Com o Macumbox, nosso webapp exclusivo, voc\u00ea vira DJ da noite: procura no celular, seleciona&hellip;&nbsp;<a href=\"https:\/\/semfronteirasbar.com.br\/?page_id=491\" rel=\"bookmark\">Continue a ler &raquo;<span class=\"screen-reader-text\">A VIDA ACONTECE NO PRESENTE<\/span><\/a><\/p>\n","protected":false},"author":1,"featured_media":422,"parent":0,"menu_order":0,"comment_status":"closed","ping_status":"closed","template":"","meta":{"neve_meta_sidebar":"","neve_meta_container":"","neve_meta_enable_content_width":"","neve_meta_content_width":0,"neve_meta_title_alignment":"","neve_meta_author_avatar":"","neve_post_elements_order":"","neve_meta_disable_header":"","neve_meta_disable_footer":"","neve_meta_disable_title":"","_mbp_gutenberg_autopost":false,"footnotes":""},"class_list":["post-491","page","type-page","status-publish","has-post-thumbnail","hentry"],"_links":{"self":[{"href":"https:\/\/semfronteirasbar.com.br\/index.php?rest_route=\/wp\/v2\/pages\/491","targetHints":{"allow":["GET"]}}],"collection":[{"href":"https:\/\/semfronteirasbar.com.br\/index.php?rest_route=\/wp\/v2\/pages"}],"about":[{"href":"https:\/\/semfronteirasbar.com.br\/index.php?rest_route=\/wp\/v2\/types\/page"}],"author":[{"embeddable":true,"href":"https:\/\/semfronteirasbar.com.br\/index.php?rest_route=\/wp\/v2\/users\/1"}],"replies":[{"embeddable":true,"href":"https:\/\/semfronteirasbar.com.br\/index.php?rest_route=%2Fwp%2Fv2%2Fcomments&post=491"}],"version-history":[{"count":5,"href":"https:\/\/semfronteirasbar.com.br\/index.php?rest_route=\/wp\/v2\/pages\/491\/revisions"}],"predecessor-version":[{"id":2654,"href":"https:\/\/semfronteirasbar.com.br\/index.php?rest_route=\/wp\/v2\/pages\/491\/revisions\/2654"}],"wp:featuredmedia":[{"embeddable":true,"href":"https:\/\/semfronteirasbar.com.br\/index.php?rest_route=\/wp\/v2\/media\/422"}],"wp:attachment":[{"href":"https:\/\/semfronteirasbar.com.br\/index.php?rest_route=%2Fwp%2Fv2%2Fmedia&parent=491"}],"curies":[{"name":"wp","href":"https:\/\/api.w.org\/{rel}","templated":true}]}}