{"id":532,"date":"2023-04-22T01:30:16","date_gmt":"2023-04-22T04:30:16","guid":{"rendered":"http:\/\/semfronteirasbar.comercial.ws\/?page_id=532"},"modified":"2025-11-15T11:40:36","modified_gmt":"2025-11-15T14:40:36","slug":"agora","status":"publish","type":"page","link":"https:\/\/semfronteirasbar.com.br\/?page_id=532","title":{"rendered":"\u00c1gora"},"content":{"rendered":"\n<div class=\"wp-block-buttons is-layout-flex wp-block-buttons-is-layout-flex\">\n<div class=\"wp-block-button\"><a class=\"wp-block-button__link wp-element-button\" href=\"https:\/\/semfronteirasbar.com.br\/?page_id=2957\">EDI\u00c7\u00c3O 2026<\/a><\/div>\n<\/div>\n\n\n\n<p>\u1f00\u03b3\u03bf\u03c1\u03ac, \u00e1gora \u2014 o cora\u00e7\u00e3o da democracia grega. O espa\u00e7o p\u00fablico por excel\u00eancia, onde os cidad\u00e3os se cruzavam para decidir o rumo da conviv\u00eancia. Era pol\u00edtica, era cultura, era vida acontecendo sem paredes.<\/p>\n\n\n\n<p>O \u00c1gora \u00e9 nosso jeito de trazer essa ideia para o agora, misturando o esp\u00edrito das ruas de Atenas com o calor da encruzilhada de Ribeir\u00e3o. \u00c9 um projeto do Sem Fronteiras Bar e da Cervejaria Macumba, pensado pra ocupar a cidade aos domingos e lembrar que viver junto \u00e9 a verdadeira arte.<\/p>\n\n\n\n<p>Aqui, abrimos espa\u00e7o pra m\u00fasicos mostrarem suas can\u00e7\u00f5es autorais, artistas exibirem seus trabalhos, artes\u00e3os e pequenos produtores venderem suas cria\u00e7\u00f5es, e ainda rolam feiras de gibi, vinil, rodas de conversa e outras inven\u00e7\u00f5es que surgem no meio do caminho. O importante \u00e9 ocupar o espa\u00e7o p\u00fablico e transform\u00e1-lo em lugar de encontro, troca e alegria.<\/p>\n\n\n\n<p>E no dia do \u00c1gora, a regra \u00e9 simples: n\u00e3o tem servi\u00e7o de mesa. A encruzilhada das Ruas Am\u00e9rico Brasiliense e Sete de Setembro vira pra\u00e7a, vira palco, vira mercado, vira festa. Copo na m\u00e3o, conversa no ar, m\u00fasica subindo pelas paredes e gente circulando como se a rua fosse extens\u00e3o da sala de casa.<\/p>\n\n\n\n<p>O \u00c1gora \u00e9 isso: a rua tomada pela vida, pelo som e pelo riso. Um dia em que Ribeir\u00e3o \u00e9 menos fechada e mais livre.<\/p>\n\n\n\n<div style=\"height:100px\" aria-hidden=\"true\" class=\"wp-block-spacer\"><\/div>\n","protected":false},"excerpt":{"rendered":"<p>\u1f00\u03b3\u03bf\u03c1\u03ac, \u00e1gora \u2014 o cora\u00e7\u00e3o da democracia grega. O espa\u00e7o p\u00fablico por excel\u00eancia, onde os cidad\u00e3os se cruzavam para decidir o rumo da conviv\u00eancia. Era pol\u00edtica, era cultura, era vida acontecendo sem paredes. O \u00c1gora \u00e9 nosso jeito de trazer essa ideia para o agora, misturando o esp\u00edrito das ruas de Atenas com o calor&hellip;&nbsp;<a href=\"https:\/\/semfronteirasbar.com.br\/?page_id=532\" rel=\"bookmark\">Continue a ler &raquo;<span class=\"screen-reader-text\">\u00c1gora<\/span><\/a><\/p>\n","protected":false},"author":1,"featured_media":561,"parent":0,"menu_order":0,"comment_status":"closed","ping_status":"closed","template":"","meta":{"neve_meta_sidebar":"","neve_meta_container":"","neve_meta_enable_content_width":"","neve_meta_content_width":0,"neve_meta_title_alignment":"","neve_meta_author_avatar":"","neve_post_elements_order":"","neve_meta_disable_header":"","neve_meta_disable_footer":"","neve_meta_disable_title":"","_mbp_gutenberg_autopost":false,"footnotes":""},"class_list":["post-532","page","type-page","status-publish","has-post-thumbnail","hentry"],"_links":{"self":[{"href":"https:\/\/semfronteirasbar.com.br\/index.php?rest_route=\/wp\/v2\/pages\/532","targetHints":{"allow":["GET"]}}],"collection":[{"href":"https:\/\/semfronteirasbar.com.br\/index.php?rest_route=\/wp\/v2\/pages"}],"about":[{"href":"https:\/\/semfronteirasbar.com.br\/index.php?rest_route=\/wp\/v2\/types\/page"}],"author":[{"embeddable":true,"href":"https:\/\/semfronteirasbar.com.br\/index.php?rest_route=\/wp\/v2\/users\/1"}],"replies":[{"embeddable":true,"href":"https:\/\/semfronteirasbar.com.br\/index.php?rest_route=%2Fwp%2Fv2%2Fcomments&post=532"}],"version-history":[{"count":11,"href":"https:\/\/semfronteirasbar.com.br\/index.php?rest_route=\/wp\/v2\/pages\/532\/revisions"}],"predecessor-version":[{"id":2962,"href":"https:\/\/semfronteirasbar.com.br\/index.php?rest_route=\/wp\/v2\/pages\/532\/revisions\/2962"}],"wp:featuredmedia":[{"embeddable":true,"href":"https:\/\/semfronteirasbar.com.br\/index.php?rest_route=\/wp\/v2\/media\/561"}],"wp:attachment":[{"href":"https:\/\/semfronteirasbar.com.br\/index.php?rest_route=%2Fwp%2Fv2%2Fmedia&parent=532"}],"curies":[{"name":"wp","href":"https:\/\/api.w.org\/{rel}","templated":true}]}}