{"id":539,"date":"2023-04-22T01:31:40","date_gmt":"2023-04-22T04:31:40","guid":{"rendered":"http:\/\/semfronteirasbar.comercial.ws\/?page_id=539"},"modified":"2026-02-09T23:21:43","modified_gmt":"2026-02-10T02:21:43","slug":"rock-nas-encruzas","status":"publish","type":"page","link":"https:\/\/semfronteirasbar.com.br\/?page_id=539","title":{"rendered":"Rock nas encruzas"},"content":{"rendered":"\n<p>No Sem Fronteiras, o rock \u2018n\u2019 roll n\u00e3o \u00e9 s\u00f3 som. \u00c9 um bicho que morde, lambe, beija e chuta ao mesmo tempo.<br>Nas caixas, a gente solta rock e seus c\u00famplices de estrada \u2014 blues sujo, guitarras suadas, vozes que parecem vir de outra vida.<\/p>\n\n\n\n<p>Rock \u00e9 um mundo sem fronteiras. Tentar definir \u00e9 matar a magia. \u201cRocking and rolling\u201d \u2014 balan\u00e7ando e rodando \u2014 n\u00e3o \u00e9 s\u00f3 dan\u00e7a, \u00e9 estado de esp\u00edrito. Espalhou-se pelos cinco continentes e n\u00e3o pediu permiss\u00e3o pra ningu\u00e9m.<\/p>\n\n\n\n<p>Pra n\u00f3s, rock \u00e9 mais que balan\u00e7ar: \u00e9 sacudir. \u00c9 levantar o corpo e a alma.<br>\u00c9 como disse Ren\u00e9 Char: \u201cAquilo que veio ao mundo para nada perturbar n\u00e3o merece respeito, nem paci\u00eancia.\u201d<br>E aqui, na encruzilhada das Ruas Am\u00e9rico Brasiliense e Sete de Setembro, a gente gosta de perturbar.<\/p>\n\n\n\n<p>Todo dia tem m\u00fasica nas caixas, clipes nas telas, e nos fins de semana o palco esquenta com bandas ao vivo. \u00c9 pra ouvir no peito, dan\u00e7ar, pular, cantar \u2014 e se perder um pouco no caminho de volta.<\/p>\n\n\n\n<p>Cerveja bonita. Gente gelada. Rock nas encruzas.<br>O resto, a gente resolve no volume.<\/p>\n\n\n\n<div class=\"wp-block-buttons is-content-justification-center is-layout-flex wp-container-core-buttons-is-layout-16018d1d wp-block-buttons-is-layout-flex\">\n<div class=\"wp-block-button\"><a class=\"wp-block-button__link wp-element-button\" href=\"https:\/\/macumbox.app.br\/api\/public\/agenda\/next30.html\">confira a programa\u00e7\u00e3o de Rock nas Encruzas<\/a><\/div>\n<\/div>\n\n\n\n<div style=\"height:40px\" aria-hidden=\"true\" class=\"wp-block-spacer\"><\/div>\n\n\n<div class=\"free align wp-block-bicb-carousel\" id='bicbCarousel-1' data-attributes='{&quot;carousels&quot;:[{&quot;image&quot;:{&quot;id&quot;:1198,&quot;url&quot;:&quot;https:\\\/\\\/semfronteirasbar.com.br\\\/wp-content\\\/uploads\\\/2023\\\/08\\\/2_20230831_224235_0001-min.png&quot;,&quot;alt&quot;:&quot;&quot;,&quot;title&quot;:&quot;2_20230831_224235_0001-min&quot;}},{&quot;image&quot;:{&quot;id&quot;:1193,&quot;url&quot;:&quot;https:\\\/\\\/semfronteirasbar.com.br\\\/wp-content\\\/uploads\\\/2023\\\/08\\\/7_20230831_224236_0006-min.png&quot;,&quot;alt&quot;:&quot;&quot;,&quot;title&quot;:&quot;7_20230831_224236_0006-min&quot;}},{&quot;image&quot;:{&quot;id&quot;:1197,&quot;url&quot;:&quot;https:\\\/\\\/semfronteirasbar.com.br\\\/wp-content\\\/uploads\\\/2023\\\/08\\\/3_20230831_224236_0002-min.png&quot;,&quot;alt&quot;:&quot;&quot;,&quot;title&quot;:&quot;3_20230831_224236_0002-min&quot;}},{&quot;image&quot;:{&quot;id&quot;:1196,&quot;url&quot;:&quot;https:\\\/\\\/semfronteirasbar.com.br\\\/wp-content\\\/uploads\\\/2023\\\/08\\\/4_20230831_224236_0003-min.png&quot;,&quot;alt&quot;:&quot;&quot;,&quot;title&quot;:&quot;4_20230831_224236_0003-min&quot;}},{&quot;image&quot;:{&quot;id&quot;:1195,&quot;url&quot;:&quot;https:\\\/\\\/semfronteirasbar.com.br\\\/wp-content\\\/uploads\\\/2023\\\/08\\\/5_20230831_224236_0004-min.png&quot;,&quot;alt&quot;:&quot;&quot;,&quot;title&quot;:&quot;5_20230831_224236_0004-min&quot;}}],&quot;carouselOptions&quot;:{&quot;columns&quot;:{&quot;desktop&quot;:4,&quot;tablet&quot;:2,&quot;mobile&quot;:1},&quot;columnGap&quot;:30,&quot;isLoop&quot;:true,&quot;speed&quot;:1.5,&quot;autoplayOptions&quot;:{&quot;enabled&quot;:true}},&quot;align&quot;:&quot;&quot;,&quot;width&quot;:{&quot;desktop&quot;:&quot;100%&quot;,&quot;tablet&quot;:&quot;100%&quot;,&quot;mobile&quot;:&quot;100%&quot;},&quot;height&quot;:{&quot;desktop&quot;:&quot;&quot;,&quot;tablet&quot;:&quot;&quot;,&quot;mobile&quot;:&quot;&quot;},&quot;elements&quot;:{&quot;linkNewTab&quot;:false,&quot;linkOn&quot;:&quot;image&quot;},&quot;alignment&quot;:&quot;center&quot;,&quot;background&quot;:{&quot;color&quot;:&quot;#0000&quot;},&quot;padding&quot;:{&quot;vertical&quot;:&quot;30px&quot;,&quot;horizontal&quot;:&quot;10px&quot;},&quot;isPage&quot;:true,&quot;pageSize&quot;:&quot;12px&quot;,&quot;pageColor&quot;:&quot;#4527a4&quot;,&quot;isPrevNext&quot;:true,&quot;prevNextSize&quot;:&quot;25px&quot;,&quot;prevNextColor&quot;:&quot;#fff&quot;,&quot;image&quot;:{&quot;width&quot;:&quot;100%&quot;},&quot;caption&quot;:{&quot;display&quot;:&quot;none&quot;,&quot;position&quot;:&quot;onImage&quot;,&quot;verticalAlign&quot;:&quot;bottom&quot;,&quot;typo&quot;:{&quot;fontSize&quot;:{&quot;desktop&quot;:16,&quot;tablet&quot;:15,&quot;mobile&quot;:15}},&quot;textAlign&quot;:&quot;left&quot;,&quot;colors&quot;:{&quot;color&quot;:&quot;#fff&quot;,&quot;bg&quot;:&quot;#0000&quot;},&quot;overlay&quot;:{&quot;type&quot;:&quot;gradient&quot;,&quot;gradient&quot;:&quot;linear-gradient(0deg, #000 0%, #0000 50%, #0000 100%)&quot;},&quot;padding&quot;:{&quot;top&quot;:&quot;5px&quot;,&quot;right&quot;:&quot;8px&quot;,&quot;bottom&quot;:&quot;5px&quot;,&quot;left&quot;:&quot;8px&quot;}}}'><\/div>","protected":false},"excerpt":{"rendered":"<p>No Sem Fronteiras, o rock \u2018n\u2019 roll n\u00e3o \u00e9 s\u00f3 som. \u00c9 um bicho que morde, lambe, beija e chuta ao mesmo tempo.Nas caixas, a gente solta rock e seus c\u00famplices de estrada \u2014 blues sujo, guitarras suadas, vozes que parecem vir de outra vida. Rock \u00e9 um mundo sem fronteiras. Tentar definir \u00e9 matar&hellip;&nbsp;<a href=\"https:\/\/semfronteirasbar.com.br\/?page_id=539\" rel=\"bookmark\">Continue a ler &raquo;<span class=\"screen-reader-text\">Rock nas encruzas<\/span><\/a><\/p>\n","protected":false},"author":1,"featured_media":422,"parent":0,"menu_order":0,"comment_status":"closed","ping_status":"closed","template":"","meta":{"neve_meta_sidebar":"","neve_meta_container":"","neve_meta_enable_content_width":"","neve_meta_content_width":0,"neve_meta_title_alignment":"","neve_meta_author_avatar":"","neve_post_elements_order":"","neve_meta_disable_header":"","neve_meta_disable_footer":"","neve_meta_disable_title":"","_mbp_gutenberg_autopost":false,"footnotes":""},"class_list":["post-539","page","type-page","status-publish","has-post-thumbnail","hentry"],"_links":{"self":[{"href":"https:\/\/semfronteirasbar.com.br\/index.php?rest_route=\/wp\/v2\/pages\/539","targetHints":{"allow":["GET"]}}],"collection":[{"href":"https:\/\/semfronteirasbar.com.br\/index.php?rest_route=\/wp\/v2\/pages"}],"about":[{"href":"https:\/\/semfronteirasbar.com.br\/index.php?rest_route=\/wp\/v2\/types\/page"}],"author":[{"embeddable":true,"href":"https:\/\/semfronteirasbar.com.br\/index.php?rest_route=\/wp\/v2\/users\/1"}],"replies":[{"embeddable":true,"href":"https:\/\/semfronteirasbar.com.br\/index.php?rest_route=%2Fwp%2Fv2%2Fcomments&post=539"}],"version-history":[{"count":8,"href":"https:\/\/semfronteirasbar.com.br\/index.php?rest_route=\/wp\/v2\/pages\/539\/revisions"}],"predecessor-version":[{"id":3345,"href":"https:\/\/semfronteirasbar.com.br\/index.php?rest_route=\/wp\/v2\/pages\/539\/revisions\/3345"}],"wp:featuredmedia":[{"embeddable":true,"href":"https:\/\/semfronteirasbar.com.br\/index.php?rest_route=\/wp\/v2\/media\/422"}],"wp:attachment":[{"href":"https:\/\/semfronteirasbar.com.br\/index.php?rest_route=%2Fwp%2Fv2%2Fmedia&parent=539"}],"curies":[{"name":"wp","href":"https:\/\/api.w.org\/{rel}","templated":true}]}}