{"id":574,"date":"2023-04-22T17:57:20","date_gmt":"2023-04-22T20:57:20","guid":{"rendered":"http:\/\/semfronteirasbar.comercial.ws\/?page_id=574"},"modified":"2026-02-09T23:22:20","modified_gmt":"2026-02-10T02:22:20","slug":"black-hole-project","status":"publish","type":"page","link":"https:\/\/semfronteirasbar.com.br\/?page_id=574","title":{"rendered":"Black Hole Project"},"content":{"rendered":"\n<p>Black Hole tem m\u00faltiplas proced\u00eancias, todas elas, em nosso ver, pautadas na experi\u00eancia de viver a m\u00fasica. Mas diferente da m\u00fasica ao vivo, s\u00e3o experi\u00eancias de discotecagem, mesclando texturas musicais e criando vibra\u00e7\u00f5es outras. Como o tempo no horizonte de eventos, os experimentos musicais pretendem trazer novas sensa\u00e7\u00f5es e climas, que s\u00f3 a m\u00fasica pode propiciar.<\/p>\n\n\n\n<div style=\"height:35px\" aria-hidden=\"true\" class=\"wp-block-spacer\"><\/div>\n\n\n\n<div class=\"wp-block-buttons is-content-justification-center is-layout-flex wp-container-core-buttons-is-layout-16018d1d wp-block-buttons-is-layout-flex\">\n<div class=\"wp-block-button\"><a class=\"wp-block-button__link has-text-align-center wp-element-button\" href=\"https:\/\/macumbox.app.br\/api\/public\/agenda\/next30.html\">Conhe\u00e7a a agenda do Black Hole Project<\/a><\/div>\n<\/div>\n\n\n\n<div style=\"height:41px\" aria-hidden=\"true\" class=\"wp-block-spacer\"><\/div>\n","protected":false},"excerpt":{"rendered":"<p>Black Hole tem m\u00faltiplas proced\u00eancias, todas elas, em nosso ver, pautadas na experi\u00eancia de viver a m\u00fasica. Mas diferente da m\u00fasica ao vivo, s\u00e3o experi\u00eancias de discotecagem, mesclando texturas musicais e criando vibra\u00e7\u00f5es outras. Como o tempo no horizonte de eventos, os experimentos musicais pretendem trazer novas sensa\u00e7\u00f5es e climas, que s\u00f3 a m\u00fasica pode&hellip;&nbsp;<a href=\"https:\/\/semfronteirasbar.com.br\/?page_id=574\" rel=\"bookmark\">Continue a ler &raquo;<span class=\"screen-reader-text\">Black Hole Project<\/span><\/a><\/p>\n","protected":false},"author":1,"featured_media":705,"parent":0,"menu_order":0,"comment_status":"closed","ping_status":"closed","template":"","meta":{"neve_meta_sidebar":"","neve_meta_container":"","neve_meta_enable_content_width":"","neve_meta_content_width":0,"neve_meta_title_alignment":"","neve_meta_author_avatar":"","neve_post_elements_order":"","neve_meta_disable_header":"","neve_meta_disable_footer":"","neve_meta_disable_title":"","_mbp_gutenberg_autopost":false,"footnotes":""},"class_list":["post-574","page","type-page","status-publish","has-post-thumbnail","hentry"],"_links":{"self":[{"href":"https:\/\/semfronteirasbar.com.br\/index.php?rest_route=\/wp\/v2\/pages\/574","targetHints":{"allow":["GET"]}}],"collection":[{"href":"https:\/\/semfronteirasbar.com.br\/index.php?rest_route=\/wp\/v2\/pages"}],"about":[{"href":"https:\/\/semfronteirasbar.com.br\/index.php?rest_route=\/wp\/v2\/types\/page"}],"author":[{"embeddable":true,"href":"https:\/\/semfronteirasbar.com.br\/index.php?rest_route=\/wp\/v2\/users\/1"}],"replies":[{"embeddable":true,"href":"https:\/\/semfronteirasbar.com.br\/index.php?rest_route=%2Fwp%2Fv2%2Fcomments&post=574"}],"version-history":[{"count":4,"href":"https:\/\/semfronteirasbar.com.br\/index.php?rest_route=\/wp\/v2\/pages\/574\/revisions"}],"predecessor-version":[{"id":3346,"href":"https:\/\/semfronteirasbar.com.br\/index.php?rest_route=\/wp\/v2\/pages\/574\/revisions\/3346"}],"wp:featuredmedia":[{"embeddable":true,"href":"https:\/\/semfronteirasbar.com.br\/index.php?rest_route=\/wp\/v2\/media\/705"}],"wp:attachment":[{"href":"https:\/\/semfronteirasbar.com.br\/index.php?rest_route=%2Fwp%2Fv2%2Fmedia&parent=574"}],"curies":[{"name":"wp","href":"https:\/\/api.w.org\/{rel}","templated":true}]}}