{"id":860,"date":"2023-05-14T13:04:54","date_gmt":"2023-05-14T16:04:54","guid":{"rendered":"http:\/\/semfronteirasbar.com.br\/?page_id=860"},"modified":"2026-01-26T09:40:09","modified_gmt":"2026-01-26T12:40:09","slug":"jukebox-macumba","status":"publish","type":"page","link":"https:\/\/semfronteirasbar.com.br\/?page_id=860","title":{"rendered":"Macumbox"},"content":{"rendered":"<div class=\"wp-block-image\">\n<figure class=\"alignright size-large is-resized\"><img loading=\"lazy\" decoding=\"async\" width=\"1024\" height=\"1024\" src=\"https:\/\/semfronteirasbar.com.br\/wp-content\/uploads\/2023\/10\/20231027_230643_0002-1024x1024.png\" alt=\"\" class=\"wp-image-1356\" style=\"width:180px;height:auto\" srcset=\"https:\/\/semfronteirasbar.com.br\/wp-content\/uploads\/2023\/10\/20231027_230643_0002-1024x1024.png 1024w, https:\/\/semfronteirasbar.com.br\/wp-content\/uploads\/2023\/10\/20231027_230643_0002-300x300.png 300w, https:\/\/semfronteirasbar.com.br\/wp-content\/uploads\/2023\/10\/20231027_230643_0002-150x150.png 150w, https:\/\/semfronteirasbar.com.br\/wp-content\/uploads\/2023\/10\/20231027_230643_0002-768x768.png 768w, https:\/\/semfronteirasbar.com.br\/wp-content\/uploads\/2023\/10\/20231027_230643_0002.png 1080w\" sizes=\"auto, (max-width: 1024px) 100vw, 1024px\" \/><\/figure><\/div>\n\n\n<p class=\"has-text-align-left\">O Sem Fronteiras n\u00e3o \u00e9 lugar pra gente que s\u00f3 senta e espera.<br>Aqui, voc\u00ea faz a noite. Voc\u00ea faz o bar. Voc\u00ea faz a conviv\u00eancia.<\/p>\n\n\n\n<p class=\"has-text-align-left\">Foi dessa ideia que nasceu o Macumbox.<br>Um webapp criado por e para o Sem Fronteiras Bar.<br>Nada de baixar aplicativo. Nada de burocracia.<br>\u00c9 acessar e entrar no jogo.<\/p>\n\n\n<div class=\"wp-block-image\">\n<figure class=\"alignleft size-full is-resized\"><img loading=\"lazy\" decoding=\"async\" width=\"819\" height=\"1024\" src=\"https:\/\/semfronteirasbar.com.br\/wp-content\/uploads\/2026\/01\/macumbox_post-1-819x1024-1.png\" alt=\"\" class=\"wp-image-3273\" style=\"width:267px;height:auto\" srcset=\"https:\/\/semfronteirasbar.com.br\/wp-content\/uploads\/2026\/01\/macumbox_post-1-819x1024-1.png 819w, https:\/\/semfronteirasbar.com.br\/wp-content\/uploads\/2026\/01\/macumbox_post-1-819x1024-1-240x300.png 240w, https:\/\/semfronteirasbar.com.br\/wp-content\/uploads\/2026\/01\/macumbox_post-1-819x1024-1-768x960.png 768w, https:\/\/semfronteirasbar.com.br\/wp-content\/uploads\/2026\/01\/macumbox_post-1-819x1024-1-600x750.png 600w\" sizes=\"auto, (max-width: 819px) 100vw, 819px\" \/><\/figure><\/div>\n\n\n<div class=\"wp-block-group is-nowrap is-layout-flex wp-container-core-group-is-layout-ad2f72ca wp-block-group-is-layout-flex\">\n<p>O Macumbox coloca a trilha sonora na sua m\u00e3o.Voc\u00ea est\u00e1 no bar, acessa, vasculha a base de m\u00fasicas e escolhe o que vai sacudir as paredes.<br>Come\u00e7a com fichas virtuais. Cada ficha uma m\u00fasica.<br>Acabou? Respira. O tempo gira e a ficha volta.<br>Aqui todo mundo tem vez de soltar seu veneno sonoro.<\/p>\n<\/div>\n\n\n\n<p>Mas n\u00e3o \u00e9 s\u00f3 isso.<\/p>\n\n\n\n<p>Agora voc\u00ea entra na lista do Karaok\u00ea direto pelo Macumbox.<br>Canta com banda ao vivo.<br>O p\u00fablico vota. D\u00e1 nota. Julga sem piedade ou com carinho.<br>E disso nasce algo maior. Um concurso. Um caos organizado.<\/p>\n\n\n\n<p>Al\u00e9m de escolher m\u00fasica, voc\u00ea pode votar naquela que quer ouvir.<br>O voto pesa. A fila se mexe.<br>A noite deixa de ser linear.<\/p>\n\n\n\n<p>Tem tamb\u00e9m a reserva.<br>Faz, altera, cancela.<br>Escolhe o canto. V\u00ea se tem vaga.<br>Tudo sem conversa atravessada.<\/p>\n\n\n\n<p>E tem o Sommelier da encruzilhada.<br>Um sommelier digital pra te ajudar a entender as cervejas da casa.<br>Estilos, caminhos, possibilidades de harmoniza\u00e7\u00e3o.<br>Um outro encontro com o copo.<\/p>\n\n\n\n<p>O Macumbox n\u00e3o veio pra substituir a conviv\u00eancia.<br>Veio pra amplificar.<br>Transformar cliente em DJ.<br>Amigo em mestre de cerim\u00f4nias.<br>E o bar num palco coletivo.<\/p>\n\n\n\n<p>E se liga.<br>Isso \u00e9 s\u00f3 o come\u00e7o.<br>Vem sempre muito mais coisa.<\/p>\n\n\n\n<div class=\"wp-block-buttons is-content-justification-center is-layout-flex wp-container-core-buttons-is-layout-16018d1d wp-block-buttons-is-layout-flex\">\n<div class=\"wp-block-button\"><a class=\"wp-block-button__link wp-element-button\" href=\"http:\/\/macumbox.app.br\">Conhe\u00e7a o Macumbox<\/a><\/div>\n<\/div>\n\n\n\n<div style=\"height:44px\" aria-hidden=\"true\" class=\"wp-block-spacer\"><\/div>\n","protected":false},"excerpt":{"rendered":"<p>O Sem Fronteiras n\u00e3o \u00e9 lugar pra gente que s\u00f3 senta e espera.Aqui, voc\u00ea faz a noite. Voc\u00ea faz o bar. Voc\u00ea faz a conviv\u00eancia. Foi dessa ideia que nasceu o Macumbox.Um webapp criado por e para o Sem Fronteiras Bar.Nada de baixar aplicativo. Nada de burocracia.\u00c9 acessar e entrar no jogo. O Macumbox coloca&hellip;&nbsp;<a href=\"https:\/\/semfronteirasbar.com.br\/?page_id=860\" rel=\"bookmark\">Continue a ler &raquo;<span class=\"screen-reader-text\">Macumbox<\/span><\/a><\/p>\n","protected":false},"author":1,"featured_media":862,"parent":0,"menu_order":0,"comment_status":"closed","ping_status":"closed","template":"","meta":{"neve_meta_sidebar":"","neve_meta_container":"","neve_meta_enable_content_width":"","neve_meta_content_width":0,"neve_meta_title_alignment":"","neve_meta_author_avatar":"","neve_post_elements_order":"","neve_meta_disable_header":"","neve_meta_disable_footer":"","neve_meta_disable_title":"","_mbp_gutenberg_autopost":false,"footnotes":""},"class_list":["post-860","page","type-page","status-publish","has-post-thumbnail","hentry"],"_links":{"self":[{"href":"https:\/\/semfronteirasbar.com.br\/index.php?rest_route=\/wp\/v2\/pages\/860","targetHints":{"allow":["GET"]}}],"collection":[{"href":"https:\/\/semfronteirasbar.com.br\/index.php?rest_route=\/wp\/v2\/pages"}],"about":[{"href":"https:\/\/semfronteirasbar.com.br\/index.php?rest_route=\/wp\/v2\/types\/page"}],"author":[{"embeddable":true,"href":"https:\/\/semfronteirasbar.com.br\/index.php?rest_route=\/wp\/v2\/users\/1"}],"replies":[{"embeddable":true,"href":"https:\/\/semfronteirasbar.com.br\/index.php?rest_route=%2Fwp%2Fv2%2Fcomments&post=860"}],"version-history":[{"count":16,"href":"https:\/\/semfronteirasbar.com.br\/index.php?rest_route=\/wp\/v2\/pages\/860\/revisions"}],"predecessor-version":[{"id":3276,"href":"https:\/\/semfronteirasbar.com.br\/index.php?rest_route=\/wp\/v2\/pages\/860\/revisions\/3276"}],"wp:featuredmedia":[{"embeddable":true,"href":"https:\/\/semfronteirasbar.com.br\/index.php?rest_route=\/wp\/v2\/media\/862"}],"wp:attachment":[{"href":"https:\/\/semfronteirasbar.com.br\/index.php?rest_route=%2Fwp%2Fv2%2Fmedia&parent=860"}],"curies":[{"name":"wp","href":"https:\/\/api.w.org\/{rel}","templated":true}]}}